{"id":11,"date":"2019-07-03T11:11:02","date_gmt":"2019-07-03T14:11:02","guid":{"rendered":"http:\/\/museudaeducacao.ufpa.br\/?page_id=11"},"modified":"2021-05-01T20:34:17","modified_gmt":"2021-05-01T23:34:17","slug":"quem-somos","status":"publish","type":"page","link":"https:\/\/museudaeducacao.ufpa.br\/","title":{"rendered":"www.museudaeducacao.ufpa.br"},"content":{"rendered":"\n<p class=\"has-huge-font-size\"><strong>Bem Vindo <\/strong><\/p>\n\n\n\n<p style=\"text-align:center\" class=\"has-medium-font-size\"><strong> O Museu da Educa\u00e7\u00e3o \u2013 ME \u00e9 vinculado ao Grupo de Estudos e Pesquisa em Hist\u00f3ria e Educa\u00e7\u00e3o &#8211; GEPHE, PPEB\/NEB\/UFPA e Grupo Estudos e Pesquisas \u201cHist\u00f3ria, Sociedade, e Educa\u00e7\u00e3o no Brasil \u2013 HISTEDBR &#8211; Sec\u00e7\u00e3o &#8211; PA &#8211; GEPHE, PPEB\/NEB\/UFPA FE\/UNICAMP\u201d, foi criada em 2018, durante a realiza\u00e7\u00e3o da XV Jornada Nacional do HISTEDBR, pretende se constituir em uma ferramenta que possibilite a reflex\u00e3o do ponto de vista te\u00f3rico\/pr\u00e1tico sobre a produ\u00e7\u00e3o de conhecimentos numa perspectiva hist\u00f3rico-cr\u00edtica; na cria\u00e7\u00e3o, organiza\u00e7\u00e3o e a institucionaliza\u00e7\u00e3o, via produ\u00e7\u00e3o de um espa\u00e7o f\u00edsico ou virtual onde fontes hist\u00f3ricas documentais prim\u00e1rias, cartogr\u00e1fica, iconogr\u00e1ficas, f\u00edlmicas, sonoras, liter\u00e1rias, estat\u00edsticas, orais ou escritas possam ser abrigadas, estudadas e disponibilizadas a sociedade e comunidade acad\u00eamica como uma das formas de compreens\u00e3o da trajet\u00f3ria e hist\u00f3ria da educa\u00e7\u00e3o da Amaz\u00f4nia. Por outro lado, pretende discutir o papel dos museus da educa\u00e7\u00e3o na realidade amaz\u00f4nica destinado \u00e0 pesquisa, \u00e0 extens\u00e3o e ao ensino na Hist\u00f3ria da Educa\u00e7\u00e3o com vistas \u00e0 sedimenta\u00e7\u00e3o da pesquisa em hist\u00f3ria e da historiografia da educa\u00e7\u00e3o Amaz\u00f4nica.   <\/strong><\/p>\n","protected":false},"excerpt":{"rendered":"<p>Bem Vindo O Museu da Educa\u00e7\u00e3o \u2013 ME \u00e9 vinculado ao Grupo de Estudos e Pesquisa em Hist\u00f3ria e Educa\u00e7\u00e3o &#8211; GEPHE, PPEB\/NEB\/UFPA e Grupo Estudos e Pesquisas \u201cHist\u00f3ria, Sociedade, e Educa\u00e7\u00e3o no Brasil \u2013 HISTEDBR &#8211; Sec\u00e7\u00e3o &#8211; PA &#8211; GEPHE, PPEB\/NEB\/UFPA FE\/UNICAMP\u201d, foi criada em 2018, durante a realiza\u00e7\u00e3o da XV Jornada Nacional [&hellip;]<\/p>\n","protected":false},"author":1,"featured_media":0,"parent":0,"menu_order":0,"comment_status":"closed","ping_status":"closed","template":"","meta":[],"_links":{"self":[{"href":"https:\/\/museudaeducacao.ufpa.br\/index.php\/wp-json\/wp\/v2\/pages\/11"}],"collection":[{"href":"https:\/\/museudaeducacao.ufpa.br\/index.php\/wp-json\/wp\/v2\/pages"}],"about":[{"href":"https:\/\/museudaeducacao.ufpa.br\/index.php\/wp-json\/wp\/v2\/types\/page"}],"author":[{"embeddable":true,"href":"https:\/\/museudaeducacao.ufpa.br\/index.php\/wp-json\/wp\/v2\/users\/1"}],"replies":[{"embeddable":true,"href":"https:\/\/museudaeducacao.ufpa.br\/index.php\/wp-json\/wp\/v2\/comments?post=11"}],"version-history":[{"count":32,"href":"https:\/\/museudaeducacao.ufpa.br\/index.php\/wp-json\/wp\/v2\/pages\/11\/revisions"}],"predecessor-version":[{"id":760,"href":"https:\/\/museudaeducacao.ufpa.br\/index.php\/wp-json\/wp\/v2\/pages\/11\/revisions\/760"}],"wp:attachment":[{"href":"https:\/\/museudaeducacao.ufpa.br\/index.php\/wp-json\/wp\/v2\/media?parent=11"}],"curies":[{"name":"wp","href":"https:\/\/api.w.org\/{rel}","templated":true}]}}