{"id":12,"date":"2019-07-03T11:11:02","date_gmt":"2019-07-03T14:11:02","guid":{"rendered":"http:\/\/museudaeducacao.ufpa.br\/?page_id=12"},"modified":"2019-11-18T22:16:37","modified_gmt":"2019-11-19T01:16:37","slug":"publicacoes","status":"publish","type":"page","link":"https:\/\/museudaeducacao.ufpa.br\/index.php\/publicacoes\/","title":{"rendered":"PUBLICA\u00c7\u00d5ES"},"content":{"rendered":"\n<p class=\"has-large-font-size\"><strong>LIVROS<\/strong><\/p>\n\n\n\n<p style=\"text-align:left\" class=\"has-medium-font-size\"><a href=\"https:\/\/editoracrv.com.br\/produtos\/detalhes\/32748-histedbr-pa-e-gephebruma-decada-de-historia-da-educacao-na-amazonia\"><strong>HISTEDBR E GEPHE: Uma d\u00e9cada de hist\u00f3ria da educa\u00e7\u00e3o na Amaz\u00f4nia<\/strong><\/a><strong>.         <\/strong><\/p>\n\n\n\n<figure class=\"wp-block-image\"><img loading=\"lazy\" width=\"1024\" height=\"576\" src=\"http:\/\/museudaeducacao.ufpa.br\/wp-content\/uploads\/2019\/11\/Slide1-2-1024x576.jpg\" alt=\"\" class=\"wp-image-569\" srcset=\"https:\/\/museudaeducacao.ufpa.br\/wp-content\/uploads\/2019\/11\/Slide1-2-1024x576.jpg 1024w, https:\/\/museudaeducacao.ufpa.br\/wp-content\/uploads\/2019\/11\/Slide1-2-300x169.jpg 300w, https:\/\/museudaeducacao.ufpa.br\/wp-content\/uploads\/2019\/11\/Slide1-2-768x432.jpg 768w, https:\/\/museudaeducacao.ufpa.br\/wp-content\/uploads\/2019\/11\/Slide1-2-370x208.jpg 370w, https:\/\/museudaeducacao.ufpa.br\/wp-content\/uploads\/2019\/11\/Slide1-2.jpg 1280w\" sizes=\"(max-width: 1024px) 100vw, 1024px\" \/><\/figure>\n\n\n\n<p class=\"has-medium-font-size\"><strong><br><\/strong><a href=\"https:\/\/editoracrv.com.br\/produtos\/detalhes\/33959-formacao-de-professoras-es-em-tempos-de-ditadura-1964-a-1985\"><strong>FORMA\u00c7\u00c3O DE PROFESSORAS\/ES EM TEMPOS DE DITADURA (1964 a 1985)<\/strong><\/a><strong> <\/strong><\/p>\n\n\n\n<figure class=\"wp-block-image\"><img loading=\"lazy\" width=\"1024\" height=\"576\" src=\"http:\/\/museudaeducacao.ufpa.br\/wp-content\/uploads\/2019\/11\/Slide2-1024x576.jpg\" alt=\"\" class=\"wp-image-570\" srcset=\"https:\/\/museudaeducacao.ufpa.br\/wp-content\/uploads\/2019\/11\/Slide2-1024x576.jpg 1024w, https:\/\/museudaeducacao.ufpa.br\/wp-content\/uploads\/2019\/11\/Slide2-300x169.jpg 300w, https:\/\/museudaeducacao.ufpa.br\/wp-content\/uploads\/2019\/11\/Slide2-768x432.jpg 768w, https:\/\/museudaeducacao.ufpa.br\/wp-content\/uploads\/2019\/11\/Slide2-370x208.jpg 370w, https:\/\/museudaeducacao.ufpa.br\/wp-content\/uploads\/2019\/11\/Slide2.jpg 1280w\" sizes=\"(max-width: 1024px) 100vw, 1024px\" \/><\/figure>\n\n\n\n<p class=\"has-medium-font-size\"><a rel=\"noreferrer noopener\" href=\"http:\/\/www.grupoatomoealinea.com.br\/ciencias-humanas\/educacao\/historia-da-educacao\/o-nacional-e-o-local-na-historia-da-educacao.html\" target=\"_blank\"><strong>O Nacional e o Local na Hist\u00f3ria da Educa\u00e7\u00e3o<\/strong><\/a><strong> <\/strong><\/p>\n\n\n\n<figure class=\"wp-block-image\"><img loading=\"lazy\" width=\"1024\" height=\"576\" src=\"http:\/\/museudaeducacao.ufpa.br\/wp-content\/uploads\/2019\/11\/Slide3-1024x576.jpg\" alt=\"\" class=\"wp-image-571\" srcset=\"https:\/\/museudaeducacao.ufpa.br\/wp-content\/uploads\/2019\/11\/Slide3-1024x576.jpg 1024w, https:\/\/museudaeducacao.ufpa.br\/wp-content\/uploads\/2019\/11\/Slide3-300x169.jpg 300w, https:\/\/museudaeducacao.ufpa.br\/wp-content\/uploads\/2019\/11\/Slide3-768x432.jpg 768w, https:\/\/museudaeducacao.ufpa.br\/wp-content\/uploads\/2019\/11\/Slide3-370x208.jpg 370w, https:\/\/museudaeducacao.ufpa.br\/wp-content\/uploads\/2019\/11\/Slide3.jpg 1280w\" sizes=\"(max-width: 1024px) 100vw, 1024px\" \/><\/figure>\n\n\n\n<p class=\"has-medium-font-size\"><strong> <\/strong><a rel=\"noreferrer noopener\" href=\"http:\/\/www.grupoatomoealinea.com.br\/ciencias-humanas\/educacao\/historia-da-educacao\/guia-de-fontes-sobre-o-ensino-publico-de-belem-do-para-no-seculo-xx-da-instrucao-primaria-ao-ensino-fundamental.html\" target=\"_blank\"><strong>Guia de Fontes Sobre o Ensino P\u00fablico de Bel\u00e9m do Par\u00e1 no S\u00e9culo XX: da instru\u00e7\u00e3o prim\u00e1ria ao ensino fundamental<\/strong><\/a><strong> <\/strong><\/p>\n\n\n\n<figure class=\"wp-block-image\"><img loading=\"lazy\" width=\"1024\" height=\"576\" src=\"http:\/\/museudaeducacao.ufpa.br\/wp-content\/uploads\/2019\/11\/Slide4-1024x576.jpg\" alt=\"\" class=\"wp-image-572\" srcset=\"https:\/\/museudaeducacao.ufpa.br\/wp-content\/uploads\/2019\/11\/Slide4-1024x576.jpg 1024w, https:\/\/museudaeducacao.ufpa.br\/wp-content\/uploads\/2019\/11\/Slide4-300x169.jpg 300w, https:\/\/museudaeducacao.ufpa.br\/wp-content\/uploads\/2019\/11\/Slide4-768x432.jpg 768w, https:\/\/museudaeducacao.ufpa.br\/wp-content\/uploads\/2019\/11\/Slide4-370x208.jpg 370w, https:\/\/museudaeducacao.ufpa.br\/wp-content\/uploads\/2019\/11\/Slide4.jpg 1280w\" sizes=\"(max-width: 1024px) 100vw, 1024px\" \/><\/figure>\n\n\n\n<p class=\"has-medium-font-size\"><strong> <\/strong><a href=\"http:\/\/www.grupoatomoealinea.com.br\/ciencias-humanas\/educacao\/politicas-educacionais\/politicas-publicas-educacionais.html\"><strong>Pol\u00edticas P\u00fablicas Educacionais<\/strong><\/a><strong> <\/strong><\/p>\n\n\n\n<figure class=\"wp-block-image\"><img loading=\"lazy\" width=\"1024\" height=\"576\" src=\"http:\/\/museudaeducacao.ufpa.br\/wp-content\/uploads\/2019\/11\/Slide5-1024x576.jpg\" alt=\"\" class=\"wp-image-573\" srcset=\"https:\/\/museudaeducacao.ufpa.br\/wp-content\/uploads\/2019\/11\/Slide5-1024x576.jpg 1024w, https:\/\/museudaeducacao.ufpa.br\/wp-content\/uploads\/2019\/11\/Slide5-300x169.jpg 300w, https:\/\/museudaeducacao.ufpa.br\/wp-content\/uploads\/2019\/11\/Slide5-768x432.jpg 768w, https:\/\/museudaeducacao.ufpa.br\/wp-content\/uploads\/2019\/11\/Slide5-370x208.jpg 370w, https:\/\/museudaeducacao.ufpa.br\/wp-content\/uploads\/2019\/11\/Slide5.jpg 1280w\" sizes=\"(max-width: 1024px) 100vw, 1024px\" \/><\/figure>\n\n\n\n<p class=\"has-medium-font-size\"><a href=\"http:\/\/sbhe.org.br\/e-books\/para-imperial\/\"><strong>Doc<\/strong><\/a><strong><a href=\"http:\/\/virtuallivros.com.br\/modules\/catalogo\/public-photo.php?photoId=3\">umentos da Educa\u00e7\u00e3o do Par\u00e1 Imperial (1839-1889)<\/a><\/strong><\/p>\n\n\n\n<p style=\"text-align:center\"><br><img loading=\"lazy\" width=\"350\" height=\"500\" class=\"wp-image-538\" style=\"width: 250px;\" src=\"http:\/\/museudaeducacao.ufpa.br\/wp-content\/uploads\/2019\/11\/primeira-capa02_2_d0f4b.png\" alt=\"\" srcset=\"https:\/\/museudaeducacao.ufpa.br\/wp-content\/uploads\/2019\/11\/primeira-capa02_2_d0f4b.png 350w, https:\/\/museudaeducacao.ufpa.br\/wp-content\/uploads\/2019\/11\/primeira-capa02_2_d0f4b-210x300.png 210w, https:\/\/museudaeducacao.ufpa.br\/wp-content\/uploads\/2019\/11\/primeira-capa02_2_d0f4b-175x250.png 175w\" sizes=\"(max-width: 350px) 100vw, 350px\" \/><strong> <\/strong> <br> <\/p>\n\n\n\n<p style=\"text-align:left\" class=\"has-large-font-size\"><strong>CAP\u00cdTULOS DE LIVROS<\/strong><\/p>\n\n\n\n<p style=\"text-align:center\"><strong>LIVRO: <\/strong> <strong><a href=\"https:\/\/www.editoranavegando.com\/livro-historia-e-historiografia-da-\">Hist\u00f3ria e historiografia da educa\u00e7\u00e3o na Amaz\u00f4nia: Debates e Contribui\u00e7\u00f5es<\/a> .<\/strong> <br><img loading=\"lazy\" width=\"366\" height=\"520\" class=\"wp-image-306\" style=\"width: 250px;\" src=\"http:\/\/museudaeducacao.ufpa.br\/wp-content\/uploads\/2019\/10\/hisroria-e-historiografia.jpg\" alt=\"\" srcset=\"https:\/\/museudaeducacao.ufpa.br\/wp-content\/uploads\/2019\/10\/hisroria-e-historiografia.jpg 366w, https:\/\/museudaeducacao.ufpa.br\/wp-content\/uploads\/2019\/10\/hisroria-e-historiografia-211x300.jpg 211w, https:\/\/museudaeducacao.ufpa.br\/wp-content\/uploads\/2019\/10\/hisroria-e-historiografia-176x250.jpg 176w\" sizes=\"(max-width: 366px) 100vw, 366px\" \/>  <br><br>Capitulo: <a href=\"https:\/\/issuu.com\/navegandopublicacoes\/docs\/livro_completo_histedbr-min\/8?ff&amp;e=28659921\/66040537\">Balan\u00e7o dos Semin\u00e1rios Nacionais e Jornadas HISTEDBR<\/a> &#8211; Ana Elizabeth Santos Alves, Maria de F\u00e1tima Rodrigues Pereira e Maria Jos\u00e9 Aviz do Ros\u00e1rio.<\/p>\n\n\n\n<p class=\"has-large-font-size\"><strong>ARTIGOS PUBLICADOS:<\/strong><\/p>\n\n\n\n<p>PUBLICADOS EM PERI\u00d3DICOS:<\/p>\n\n\n\n<p>&nbsp;ALMEIDA, Edileuza de Sarges ;<strong><a rel=\"noreferrer noopener\" href=\"http:\/\/lattes.cnpq.br\/7497279574536104\" target=\"_blank\">MELO, Clarice Nascimento de.<\/a><\/strong>&nbsp; Mem\u00f3ria e g\u00eanero:. QUAESTIO (UNISO), v. 19, p. 11-28, 2017.<br><br>&nbsp;ALMEIDA, Karla Nazareth Corr\u00eaa de ;&nbsp;<strong><a rel=\"noreferrer noopener\" href=\"http:\/\/lattes.cnpq.br\/7497279574536104\" target=\"_blank\">MELO, Clarice Nascimento de.<\/a><\/strong>&nbsp;. Educa\u00e7\u00e3o e desenvolvimentismo no Par\u00e1: as pol\u00edticas&#8217;redentoristas&#8217; do governo de Zacarias de Assump\u00e7\u00e3o &#8211; 1951 a 1956. Revista HISTEDBR On-line, v. 16, p. 76-86, 2016.<\/p>\n\n\n\n<p> CARMO,Adele Suzana Favacho, ;&nbsp;<strong><a rel=\"noreferrer noopener\" href=\"http:\/\/lattes.cnpq.br\/7497279574536104\" target=\"_blank\">MELO, Clarice Nascimento de.<\/a><\/strong>&nbsp;. Orienta\u00e7\u00f5es curriculares para o ensino de Hist\u00f3ria nos anos iniciais do ensino fundamental: entre o local e o nacional (1980-2012). Revista Horizontes, v. 3, p. 19-31, 2015. <\/p>\n\n\n\n<p>COSTA, J. N. L. ; PIMENTEL, T. P. ;&nbsp;<strong><a rel=\"noreferrer noopener\" href=\"http:\/\/lattes.cnpq.br\/3131365668866598\" target=\"_blank\">ROS\u00c1RIO, Maria Jos\u00e9 Aviz do.<\/a><\/strong>&nbsp;. PET INTERDISCIPLINAR CONEX\u00d5ES DE SABERES: A TROCA DE CONHECIMENTOS NA EDUCA\u00c7\u00c3O B\u00c1SICA CONSTRUINDO NOVOS CAMINHOS.. Revista PET Interdisciplinar e Programa Conex\u00f5es de Saberes On-Line, v. 1, p. 31-36, 2016.<br><br><strong><a rel=\"noreferrer noopener\" href=\"http:\/\/lattes.cnpq.br\/3131365668866598\" target=\"_blank\">ROS\u00c1RIO, Maria Jos\u00e9 Aviz do.<\/a><\/strong>;   <strong><a rel=\"noreferrer noopener\" href=\"http:\/\/lattes.cnpq.br\/7497279574536104\" target=\"_blank\">MELO, Clarice Nascimento de.<\/a><\/strong> A EDUCA\u00c7\u00c3O JESU\u00cdTICA NO BRASIL COL\u00d4NIA. Revista HISTEDBR On-line, v. 15, p. 01-379, 2015.<br><br><strong><a rel=\"noreferrer noopener\" href=\"http:\/\/lattes.cnpq.br\/3131365668866598\" target=\"_blank\">ROS\u00c1RIO, Maria Jos\u00e9 Aviz do.<\/a><\/strong>; DE SOUZA, maria de F\u00e1tima Matos . Lembran\u00e7as\/Mem\u00f3rias de estudante\/professora sobre o Instituto de ci\u00eancias da Educa\u00e7\u00e3o (IEP) em tempos de ditadura, de 1964 a 1985. Revista HISTEDBR On-line, v. 66, p. 01-00, 2015.<br><br><strong><a rel=\"noreferrer noopener\" href=\"http:\/\/lattes.cnpq.br\/3131365668866598\" target=\"_blank\">ROS\u00c1RIO, Maria Jos\u00e9 Aviz do.<\/a><\/strong>;  <strong><a rel=\"noreferrer noopener\" href=\"http:\/\/lattes.cnpq.br\/7497279574536104\" target=\"_blank\">MELO, Clarice Nascimento de.<\/a><\/strong> GRUPO PADRE LUIZ GONZAGA &#8211; BRAGAN\u00c7A-PA: ARQUIVOS, M\u00c9TODO E FONTES DA HIST\u00d3RIA DA EDUCA\u00c7\u00c3O DA AMAZ\u00d4NIA, NO S\u00c9CULO XX. Revista HISTEDBR On-line, v. 15, p. 01-31, 2015.<br><br><strong><a rel=\"noreferrer noopener\" href=\"http:\/\/lattes.cnpq.br\/3131365668866598\" target=\"_blank\">ROS\u00c1RIO, Maria Jos\u00e9 Aviz do.<\/a><\/strong>; LOMBARDI, Jose Claudiney ;  <strong><a rel=\"noreferrer noopener\" href=\"http:\/\/lattes.cnpq.br\/7497279574536104\" target=\"_blank\">MELO, Clarice Nascimento de.<\/a><\/strong> Museu da Educa\u00e7\u00e3o Amaz\u00f4nico. Revista HISTEDBR On-line, v. 1, p. 01-360, 2012.<br><br><strong><a rel=\"noreferrer noopener\" href=\"http:\/\/lattes.cnpq.br\/3131365668866598\" target=\"_blank\">ROS\u00c1RIO, Maria Jos\u00e9 Aviz do.<\/a><\/strong>; LOMBARDI, Jose Claudiney ; ROSAR, Maria de F\u00e1tima F\u00e9lix de . A INFLU\u00caNCIA DO PCB NA CONSTRU\u00c7\u00c3O DO ENSINO P\u00daBLICO PRIM\u00c1RIO DE BEL\u00c9M DO PAR\u00c1 DE 1945 a 1964. Revista HISTEDBR On-line, v. 43, p. 42-60, 2011.<br><br><strong><a rel=\"noreferrer noopener\" href=\"http:\/\/lattes.cnpq.br\/3131365668866598\" target=\"_blank\">ROS\u00c1RIO, Maria Jos\u00e9 Aviz do.<\/a><\/strong>; ALMEIDA, Correa Paulo S\u00e9gio ; DE SOUZA, maria de F\u00e1tima Matos . A HIST\u00d3RIA DA ORGANIZA\u00c7\u00c3O DO ENSINO PRIM\u00c1RIO DE BEL\u00c9M DO PAR\u00c1, 1937 A 1945: A\u00c7\u00d5ES E LIMITES. Revista HISTEDBR On-line, v. 00, p. 273-285, 2011.<br><br><strong><a rel=\"noreferrer noopener\" href=\"http:\/\/lattes.cnpq.br\/3131365668866598\" target=\"_blank\">ROS\u00c1RIO, Maria Jos\u00e9 Aviz do.<\/a><\/strong>. A organiza\u00e7\u00e3o da educa\u00e7\u00e3o do munic\u00edpio de Bel\u00e9m-Pa, de 1937 a 1945.. CD-Room &#8211; Encontro de Pesquisa educacional do norte e nordeste &#8211; EPENN, v. 1, p. 1, 2005.<br><br><strong><a rel=\"noreferrer noopener\" href=\"http:\/\/lattes.cnpq.br\/3131365668866598\" target=\"_blank\">ROS\u00c1RIO, Maria Jos\u00e9 Aviz do.<\/a><\/strong>. Primeiros achados da organiza\u00e7\u00e3o do Ensino M\u00e9dio do munic\u00edpio de Bel\u00e9m-Pa, de 1945 a 1964, sob a lente das redes de poder e democracia.. Anais do III Encontro de Pesquisa em Educa\u00e7\u00e3o da UFPI e II Congresso Internacional em Educa\u00e7\u00e3o, Teresina-PI, 2004.<br><br><strong><a rel=\"noreferrer noopener\" href=\"http:\/\/lattes.cnpq.br\/3131365668866598\" target=\"_blank\">ROS\u00c1RIO, Maria Jos\u00e9 Aviz do.<\/a><\/strong>. A Educa\u00e7\u00e3o Jesu\u00edtica no Brasil Col\u00f4nia. Anais do III Encontro de Pesquisa em Educa\u00e7\u00e3o da UFPI e II Congresso Internacional em Educa\u00e7\u00e3o, 2004.<br><br><strong><a rel=\"noreferrer noopener\" href=\"http:\/\/lattes.cnpq.br\/3131365668866598\" target=\"_blank\">ROS\u00c1RIO, Maria Jos\u00e9 Aviz do.<\/a><\/strong>. Mem\u00f3rias de professoras: um estudo sobre a escolariza\u00e7\u00e3o em educand\u00e1rios paraenses nos anos 50-60.. CD-Room &#8211; Encontro de Pesquisa educacional do norte e nordeste &#8211; EPENN, 2004.<br><br><strong><a rel=\"noreferrer noopener\" href=\"http:\/\/lattes.cnpq.br\/3131365668866598\" target=\"_blank\">ROS\u00c1RIO, Maria Jos\u00e9 Aviz do.<\/a><\/strong>. Notas sobre a hist\u00f3ria da forma\u00e7\u00e3o para o magist\u00e9rio. S\u00e9rie-Estudos (UCDB), Campo Grande-MS, v. 1, p. 109-121, 2002.<br><br><strong><a rel=\"noreferrer noopener\" href=\"http:\/\/lattes.cnpq.br\/3131365668866598\" target=\"_blank\">ROS\u00c1RIO, Maria Jos\u00e9 Aviz do.<\/a><\/strong>. Notas sobre a forma\u00e7\u00e3o docente: forma\u00e7\u00e3o e profissionaliza\u00e7\u00e3o.. CD-Room, IV Congresso Nacional de Educa\u00e7\u00e3o &#8211; CONED, 2002.<br><br><strong><a rel=\"noreferrer noopener\" href=\"http:\/\/lattes.cnpq.br\/3131365668866598\" target=\"_blank\">ROS\u00c1RIO, Maria Jos\u00e9 Aviz do.<\/a><\/strong>. Levantamento de fontes sobre a organiza\u00e7\u00e3o do ensino do munic\u00edpio de Bel\u00e9m nas d\u00e9cadas de 70, 80 e 90.. CD-Room, IV Congresso Nacional de Educa\u00e7\u00e3o &#8211; CONED, 2002.<br><br><strong><a rel=\"noreferrer noopener\" href=\"http:\/\/lattes.cnpq.br\/3131365668866598\" target=\"_blank\">ROS\u00c1RIO, Maria Jos\u00e9 Aviz do.<\/a><\/strong>. Um olhar sobre os Cantos, encantos e (des)Encantos do sistema de Educa\u00e7\u00e3o do Munic\u00edpio de Bel\u00e9m de 1937 a 1945, pela lente da periodiza\u00e7\u00e3o, v. 01, p. 146-152, 1997. <\/p>\n\n\n\n<p><strong><a rel=\"noreferrer noopener\" href=\"http:\/\/lattes.cnpq.br\/7497279574536104\" target=\"_blank\">MELO, Clarice Nascimento de.<\/a><\/strong>; ALMEIDA, Karla Nazareth Corr\u00eaa de . Trabalho docente, g\u00eanero e poder em den\u00fancias p\u00fablicas da d\u00e9cada de 1880. Revista HISTEDBR On-line, v. 12, p. 64, 2012.<\/p>\n\n\n\n<p><strong><a rel=\"noreferrer noopener\" href=\"http:\/\/lattes.cnpq.br\/7497279574536104\" target=\"_blank\">MELO, Clarice Nascimento de.<\/a><\/strong>. Sendas da Escolariza\u00e7\u00e3o Feminina no Par\u00e1. Revista HISTEDBR On-line, v. out, p. 83-102, 2011. <br><\/p>\n\n\n\n<p>ROS\u00c1RIO, Maria Jos\u00e9 Aviz ;&nbsp;<strong><a rel=\"noreferrer noopener\" href=\"http:\/\/lattes.cnpq.br\/7497279574536104\" target=\"_blank\">MELO, Clarice Nascimento de.<\/a><\/strong>&nbsp;. Grupo Padre Luiz Gonzaga &#8211; Bragan\u00e7a-PA: arquivos, m\u00e9todos e fontes da hist\u00f3ria da educa\u00e7\u00e3o da Amaz\u00f4nia, no s\u00e9culo XX. Revista HISTEDBR On-line, v. 15, p. 17-31, 2015.<\/p>\n\n\n\n<p>ROS\u00c1RIO, Maria Jos\u00e9 Aviz ;&nbsp;<strong><a rel=\"noreferrer noopener\" href=\"http:\/\/lattes.cnpq.br\/7497279574536104\" target=\"_blank\">MELO, Clarice Nascimento de.<\/a><\/strong>&nbsp;. Educa\u00e7\u00e3o jesu\u00edtica no Brasil col\u00f4nia. Revista HISTEDBR On-line, v. 15, p. 379-389, 2015.<\/p>\n\n\n\n<p><strong><a rel=\"noreferrer noopener\" href=\"http:\/\/lattes.cnpq.br\/3131365668866598\" target=\"_blank\">ROS\u00c1RIO, Maria Jos\u00e9 Aviz do.<\/a><\/strong>; MELO, C. N. . GRUPO PADRE LUIZ GONZAGA &#8211; BRAGAN\u00c7A-PA: ARQUIVOS, M\u00c9TODO E FONTES DA HIST\u00d3RIA DA EDUCA\u00c7\u00c3O DA AMAZ\u00d4NIA, NO S\u00c9CULO XX. Revista HISTEDBR On-line, v. 15, p. 01-31, 2015.<\/p>\n\n\n\n<p><strong><a rel=\"noreferrer noopener\" href=\"http:\/\/lattes.cnpq.br\/3131365668866598\" target=\"_blank\">ROS\u00c1RIO, Maria Jos\u00e9 Aviz do.<\/a><\/strong>. O PENSAMENTO TECNOCR\u00c1TICO E AUTORIT\u00c1RIO NA EDUCA\u00c7\u00c3O BRASILEIRA, de 1964 a 1985. Revista HISTEDBR On-line, v. v. 16, p. 87-99, 2016.<\/p>\n\n\n\n<p class=\"has-large-font-size\"><strong>V\u00cdDEOS<\/strong><\/p>\n\n\n\n<p>EM BREVE!<\/p>\n","protected":false},"excerpt":{"rendered":"<p>LIVROS HISTEDBR E GEPHE: Uma d\u00e9cada de hist\u00f3ria da educa\u00e7\u00e3o na Amaz\u00f4nia. FORMA\u00c7\u00c3O DE PROFESSORAS\/ES EM TEMPOS DE DITADURA (1964 a 1985) O Nacional e o Local na Hist\u00f3ria da Educa\u00e7\u00e3o Guia de Fontes Sobre o Ensino P\u00fablico de Bel\u00e9m do Par\u00e1 no S\u00e9culo XX: da instru\u00e7\u00e3o prim\u00e1ria ao ensino fundamental Pol\u00edticas P\u00fablicas Educacionais Documentos [&hellip;]<\/p>\n","protected":false},"author":1,"featured_media":0,"parent":0,"menu_order":0,"comment_status":"closed","ping_status":"closed","template":"","meta":[],"_links":{"self":[{"href":"https:\/\/museudaeducacao.ufpa.br\/index.php\/wp-json\/wp\/v2\/pages\/12"}],"collection":[{"href":"https:\/\/museudaeducacao.ufpa.br\/index.php\/wp-json\/wp\/v2\/pages"}],"about":[{"href":"https:\/\/museudaeducacao.ufpa.br\/index.php\/wp-json\/wp\/v2\/types\/page"}],"author":[{"embeddable":true,"href":"https:\/\/museudaeducacao.ufpa.br\/index.php\/wp-json\/wp\/v2\/users\/1"}],"replies":[{"embeddable":true,"href":"https:\/\/museudaeducacao.ufpa.br\/index.php\/wp-json\/wp\/v2\/comments?post=12"}],"version-history":[{"count":83,"href":"https:\/\/museudaeducacao.ufpa.br\/index.php\/wp-json\/wp\/v2\/pages\/12\/revisions"}],"predecessor-version":[{"id":581,"href":"https:\/\/museudaeducacao.ufpa.br\/index.php\/wp-json\/wp\/v2\/pages\/12\/revisions\/581"}],"wp:attachment":[{"href":"https:\/\/museudaeducacao.ufpa.br\/index.php\/wp-json\/wp\/v2\/media?parent=12"}],"curies":[{"name":"wp","href":"https:\/\/api.w.org\/{rel}","templated":true}]}}