{"id":13,"date":"2019-07-03T11:11:02","date_gmt":"2019-07-03T14:11:02","guid":{"rendered":"http:\/\/museudaeducacao.ufpa.br\/?page_id=13"},"modified":"2019-11-19T01:11:11","modified_gmt":"2019-11-19T04:11:11","slug":"orientacoes-e-supervisoes","status":"publish","type":"page","link":"https:\/\/museudaeducacao.ufpa.br\/index.php\/orientacoes-e-supervisoes\/","title":{"rendered":"ORIENTA\u00c7\u00d5ES E SUPERVIS\u00d5ES"},"content":{"rendered":"\n<p class=\"has-medium-font-size\"><strong>RELAT\u00d3RIOS<\/strong>:<\/p>\n\n\n\n<p> <strong>YARA LUCENA<\/strong>: Levantamento, organiza\u00e7\u00e3o, cataloga\u00e7\u00e3o, sistematiza\u00e7\u00e3o e digitaliza\u00e7\u00e3o de fontes para hist\u00f3ria da educa\u00e7\u00e3o: Col\u00e9gio Estadual Paes de Carvalho. <br> Orientadora : <a href=\"http:\/\/xn--maria%20jos%20aviz%20do%20rosrio-kwc7w\/\"><strong>PROF\u00aa DR\u00aa MARIA JOS\u00c9 AVIZ DO ROS\u00c1RIO<\/strong><\/a><\/p>\n\n\n\n<p><strong>RODRIGO MIRA DO NASCIMENTO<\/strong>:  <a href=\"https:\/\/drive.google.com\/open?id=1_pvzlcLPRQk9YVgSGJnCK2cFW9i5ayR5\">Levantamento, organiza\u00e7\u00e3o e sistematiza\u00e7\u00e3o de documenta\u00e7\u00e3o estrita e icnogr\u00e1fica sobre forma\u00e7\u00e3o de professoras do Instituto de Educa\u00e7\u00e3o do Par\u00e1 &#8211; IEP, de 1964 \u00e0 1985.<\/a><br>Orientadora:  <a href=\"http:\/\/xn--maria%20jos%20aviz%20do%20rosrio-kwc7w\/\"><strong>PROF\u00aa DR\u00aa MARIA JOS\u00c9 AVIZ DO ROS\u00c1RIO<\/strong><\/a> <\/p>\n\n\n\n<p><strong>RODRIGO MIRA DO NASCIMENTO: <\/strong><a href=\"https:\/\/drive.google.com\/open?id=1S-GVBLwsMWuZlbE-EjR1fKp1RQQxljdp\">Instituto de Educa\u00e7\u00e3o do Par\u00e1 &#8211; IEP, de 1964 a 1985: arquivo e fontes da hist\u00f3ria da educa\u00e7\u00e3o da Amaz\u00f4nia.<\/a><br>Orientadora:  <a href=\"http:\/\/xn--maria%20jos%20aviz%20do%20rosrio-kwc7w\/\"><strong>PROF\u00aa DR\u00aa MARIA JOS\u00c9 AVIZ DO ROS\u00c1RIO:<\/strong><\/a> <\/p>\n\n\n\n<p><strong>ALINE EWERTON DE SOUSA.<\/strong> Forma\u00e7\u00e3o de professoras\/es no IEP em tempos de ditadura: os discursos da imprensa local (1964-1974). <br> Orientadora: <a href=\"http:\/\/clarice%20nascimento%20de%20melo\/\"><strong>PROF\u00aa DR\u00aa  CLARICE NASCIMENTO DE MELO<\/strong><\/a>  <br><br><strong>SAMANTHA SUANNE DA COSTA BRITO:<\/strong> Forma\u00e7\u00e3o de professoras-es no IEP em tempos de ditadura: os discursos da imprensa local (1975-1980). <br> Orientadora:  <a href=\"http:\/\/clarice%20nascimento%20de%20melo\/\"><strong>PROF\u00aa DR\u00aa  CLARICE NASCIMENTO DE MELO<\/strong><\/a>  <\/p>\n\n\n\n<p><strong>PRISCILA DE PAULA FERREIRO MENINO:<\/strong> Forma\u00e7\u00e3o de professoras\/es no IEP em tempos de ditadura: os discursos da imprensa local (1981-1985). 2016. Inicia\u00e7\u00e3o Cient\u00edfica. (Graduando em Pedagogia) &#8211; Universidade Federal do Par\u00e1, Universidade Federal do Par\u00e1.  <br> <strong>Orientador: <\/strong> <a href=\"http:\/\/clarice%20nascimento%20de%20melo\/\"><strong>PROF\u00aa DR\u00aa  CLARICE NASCIMENTO DE MELO<\/strong><\/a>  <\/p>\n\n\n\n<p> <strong>ANA H\u00c9RICA DA SILVA BARBOSA:<\/strong>  Levantamento, organiza\u00e7\u00e3o, cataloga\u00e7\u00e3o, sistematiza\u00e7\u00e3o de dados sobre a hist\u00f3ria de museus da educa\u00e7\u00e3o no Brasil. <br> Orientadora :  <a href=\"http:\/\/xn--maria%20jos%20aviz%20do%20rosrio-kwc7w\/\"><strong>PROF\u00aa DR\u00aa MARIA JOS\u00c9 AVIZ DO ROS\u00c1RIO<\/strong><\/a><\/p>\n\n\n\n<p><strong><a href=\"http:\/\/ http:\/\/lattes.cnpq.br\/4309338501869991\">LUIS CARLOS DA  SILVA BARBOSA<\/a>:<\/strong>  <a href=\"https:\/\/drive.google.com\/open?id=12rCQzeZHWbjA53IAvHfSQdXTOCrNQoWr\">Col\u00e9gio Estadual Paes de Carvalho: fontes e m\u00e9todos para hist\u00f3ria da educa\u00e7\u00e3o Amaz\u00f4nica.&nbsp;<\/a> <br> <strong>Orientadora:<\/strong> <a href=\"http:\/\/xn--maria%20jos%20aviz%20do%20rosrio-kwc7w\/\"><strong>PROF\u00aa DR\u00aa MARIA JOS\u00c9 AVIZ DO ROS\u00c1RIO:<\/strong><\/a>  <\/p>\n\n\n\n<p> <strong><a href=\"http:\/\/lattes.cnpq.br\/6686378302326699\">ADHILIO WICTOR ALMEIDA DE MORAES<\/a>:<\/strong> Temas emergentes na educa\u00e7\u00e3o paraense nos anos de 1957 a 1963. <br>Orientadora:  <a href=\"http:\/\/clarice%20nascimento%20de%20melo\/\"><strong>PROF\u00aa DR\u00aa  CLARICE NASCIMENTO DE MELO<\/strong><\/a>  <\/p>\n\n\n\n<p class=\"has-medium-font-size\"><strong>DISSERTA\u00c7\u00d5ES:<\/strong><\/p>\n\n\n\n<p><strong><a href=\"http:\/\/Smile de Souza Golobovante \">SMILE DE SOUZA GOLOBOVANTE<\/a>: <\/strong> A CONTRIBUI\u00c7\u00c3O DA PROFESSORA MARIA ANNUNCIADA CHAVES PARA O ENSINO DE HIST\u00d3RIA NO COL\u00c9GIO ESTADUAL PAES DE CARVALHO DE 1946 AT\u00c9 1963.<br> <strong>Orientadora : <\/strong>  <a href=\"http:\/\/clarice%20nascimento%20de%20melo\/\"><strong>PROF\u00aa DR\u00aa  CLARICE NASCIMENTO DE MELO<\/strong><\/a>   <\/p>\n\n\n\n<p><strong><a href=\"http:\/\/lattes.cnpq.br\/0131495533952947\">ELIANA SANTOS BALESTRERI<\/a><\/strong><a href=\"http:\/\/lattes.cnpq.br\/0131495533952947\">:<\/a>  CONTEXTOS JUVENIS E A EDUCA\u00c7\u00c3O DE JOVENS E ADULTOS: reconhecendo espa\u00e7os potentes de aprendizagens escolares no ?territ\u00f3rio da galera? e a poss\u00edvel ressignifica\u00e7\u00e3o do curr\u00edculo formal da EJA. Um estudo de caso no bairro do Jaderl\u00e2ndia-Castanhal-Pa.<br> <strong>Orientadora<\/strong>: <a href=\"http:\/\/xn--maria%20jos%20aviz%20do%20rosrio-kwc7w\/\"><strong>PROF\u00aa DR\u00aa MARIA JOS\u00c9 AVIZ DO ROS\u00c1RIO:<\/strong><\/a>   <br> \u00a0<br><strong><a href=\"http:\/\/CLEITON PONCIANO S. M\">CLEITON PONCIANO S. MAU\u00c9S\u00a0:<\/a><\/strong><a href=\"http:\/\/CLEITON PONCIANO S. M\"><strong> <\/strong><\/a> A hist\u00f3ria do Grupo Escolar Bas\u00edlio de Carvalho, Abaetetuba \u2013PA., nas d\u00e9cadas de 1930 e 1940. <br><strong> Orientadora:<\/strong> <a href=\"http:\/\/xn--maria%20jos%20aviz%20do%20rosrio-kwc7w\/\"><strong>PROF\u00aa DR\u00aa MARIA JOS\u00c9 AVIZ DO ROS\u00c1RIO: <\/strong><\/a>  <\/p>\n\n\n\n<p><strong><a href=\"http:\/\/lattes.cnpq.br\/0256628814548104\">NELMA LIMA E SILVA CAMPOS<\/a>:<\/strong>  A (Re)leitura da LDB e dos princ\u00edpios constitucionais da educa\u00e7\u00e3o, p\u00f3s lei 13.415\/2017: Garantias de direitos \u00e0 educa\u00e7\u00e3o b\u00e1sica. <br><strong> Orientadora:<\/strong> <a href=\"http:\/\/xn--maria%20jos%20aviz%20do%20rosrio-kwc7w\/\"><strong>PROF\u00aa DR\u00aa MARIA JOS\u00c9 AVIZ DO ROS\u00c1RIO: <\/strong><\/a>    <\/p>\n\n\n\n<p><strong><a href=\"http:\/\/lattes.cnpq.br\/6882183616418082\">DIANA HELENA ALVES MUNIZ<\/a>:<\/strong>  Hist\u00f3ria da educa\u00e7\u00e3o no c\u00e1rcere no Par\u00e1. <br><strong>Orientadora : <\/strong><a href=\"http:\/\/clarice%20nascimento%20de%20melo\/\"><strong>PROF\u00aa DR\u00aa  CLARICE NASCIMENTO DE MELO<\/strong><\/a>   <\/p>\n\n\n\n<p style=\"font-size:17px\"><strong><a href=\"http:\/\/buscatextual.cnpq.br\/buscatextual\/visualizacv.do?metodo=apresentar&amp;id=K4439442Y6\">NAZAR\u00c9 BITTENCOURT VIEGAS:<\/a><\/strong> Hist\u00f3ria da escola quilombola &#8220;Professor Bento Lima de Oliveira&#8221;, no munic\u00edpio de Moju, de 2007 a 2017.<br> <strong>Orientadora : <\/strong><a href=\"http:\/\/clarice%20nascimento%20de%20melo\/\"><strong>PROF\u00aa DR\u00aa  CLARICE NASCIMENTO DE MELO<\/strong><\/a>     <br><br><strong><a href=\"http:\/\/MARLON GALENO RODRIGUES J\">MARLON GALENO RODRIGUES JUNIOR<\/a>&nbsp;:<\/strong> O curr\u00edculo da disciplina Hist\u00f3ria nas primeiras duas d\u00e9cadas de exist\u00eancia do territ\u00f3rio federal do Amap\u00e1 (1943-1963) <br><strong>Orientadora :<\/strong> <a href=\"http:\/\/clarice%20nascimento%20de%20melo\/\"><strong>PROF\u00aa DR\u00aa  CLARICE NASCIMENTO DE MELO<\/strong><\/a>  <\/p>\n\n\n\n<p><strong><a href=\"http:\/\/Jesus de Nazar\u00e9 de Lima da Costa\">JESUS DE NAZAR\u00c9 DE LIMA DA COSTA<\/a><\/strong>&nbsp;:&nbsp;<a rel=\"noreferrer noopener\" href=\"https:\/\/drive.google.com\/open?id=1tLE-cTa5YjsXps8_zsYtHO3v-wx4itTh\" target=\"_blank\">A ESCOLA DR. CELSO MALCHER NO BAIRRO DA TERRA FIRME EM BEL\u00c9M DO PAR\u00c1 BEL\u00c9M DO PAR\u00c1: UM ESTUDO SOBRE O PROCESSO DE MOBILIZA\u00c7\u00c3O E LUTA DOS JOVENS DO ENSINO M\u00c9DIO POR UMA EDUCA\u00c7\u00c3O DE QUALIDADE.<\/a><br><strong>Orientadora: <\/strong> <a href=\"http:\/\/xn--maria%20jos%20aviz%20do%20rosrio-kwc7w\/\"><strong>PROF\u00aa DR\u00aa MARIA JOS\u00c9 AVIZ DO ROS\u00c1RIO: <\/strong><\/a> <br><br><strong>ELY CARLOS SILVA SANTOS:<\/strong>&nbsp;<a rel=\"noreferrer noopener\" href=\"http:\/\/ppeb.propesp.ufpa.br\/ARQUIVOS\/Disserta%C3%A7%C3%B5es\/2018\/ELY%20CARLOS%20SILVA%20SANTOS%20-%20DISSERTA%C3%87%C3%83O.pdf\" target=\"_blank\">O CONTE\u00daDO DA<\/a>&nbsp;<a rel=\"noreferrer noopener\" href=\"http:\/\/ppeb.propesp.ufpa.br\/ARQUIVOS\/Disserta%C3%A7%C3%B5es\/2018\/ELY%20CARLOS%20SILVA%20SANTOS%20-%20DISSERTA%C3%87%C3%83O.pdf\" target=\"_blank\">HIST\u00d3RIA DE SOURE\/PA NA DISCIPLINA INTEGRA\u00c7\u00c3O SOCIAL DA ERC INSTITUTO STELLA MARIS (1971-1988).<\/a><br><strong>Orientadora:<\/strong> <a href=\"http:\/\/CLARICE NASCIMENTO DE MELO\"><strong>PROF\u00aa DR\u00aa  CLARICE NASCIMENTO DE MELO<\/strong><\/a> <br><\/p>\n\n\n\n<p> <strong>BIANCA FERREIRA DE OLIVEIRA:<\/strong> <a href=\"http:\/\/repositorio.ufpa.br\/jspui\/bitstream\/2011\/8486\/1\/Dissertacao_ProducaoIntelectualDocencia.pdf\">A produ\u00e7\u00e3o intelectual e doc\u00eancia de Domingos Sylvio Nascimento: Contribui\u00e7\u00f5es para Hist\u00f3ria da Educa\u00e7\u00e3o no Par\u00e1 (1882 &#8211; 1947). 2016. Disserta\u00e7\u00e3o (Mestrado em Mestrado em educa\u00e7\u00e3o) <\/a><br> <strong>Orientadora:<\/strong> <a href=\"http:\/\/MARIA JOS\u00c9 AVIZ DO ROS\u00c1RIO:\"><strong>PROF\u00aa DR\u00aa MARIA JOS\u00c9 AVIZ DO ROS\u00c1RIO: <\/strong><\/a><\/p>\n\n\n\n<p style=\"text-align:left\" class=\"has-medium-font-size\"><strong>TESES:<\/strong><\/p>\n\n\n\n<p><strong>IZA HELENA TRAVASSOS FERRAZ DE ARA\u00daJO:<\/strong>  <a href=\"http:\/\/ppgedufpa.com.br\/arquivos\/File\/teseiza.pdf\">A DISCIPLINA ESCOLAR MATEM\u00c1TICA NO GYMNASIO PAES DE CARVALHO DURANTE A PRIMEIRA REP\u00daBLICA <\/a><br><strong>Orientador:<\/strong>  Prof. Dr. Genylton Odilon Rego da Rocha. <br><br><a href=\"https:\/\/repositorio.ufrn.br\/jspui\/browse?type=author&amp;value=Melo%2C+Clarice+Nascimento+de\"><strong>CLARICE NASCIMENTO DE MELO<\/strong><\/a><strong>:<\/strong> <a href=\"https:\/\/repositorio.ufrn.br\/jspui\/bitstream\/123456789\/14181\/1\/ClariceNM.pdf\">Participa\u00e7\u00e3o de mulheres na hist\u00f3ria da Escola Mista no Par\u00e1 &#8211; 1870\/1901<\/a> <br><strong>Orientadora:<\/strong> <a href=\"http:\/\/lattes.cnpq.br\/7289548301555477\">Prof\u00aa Dr\u00aa Maria Ines Sucupira Stamatto<\/a> <br><br><strong><a href=\"http:\/\/ Maria Jos\u00e9 Aviz do Ros\u00e1rio \">MARIA JOS\u00c9 AVIZ DO ROS\u00c1RIO: <\/a><\/strong> O PCB E A ORGANIZA\u00c7\u00c3O DO ENSINO P\u00daBLICO PRIM\u00c1RIO DE BEL\u00c9M DO PAR\u00c1 (1945 a 1964). <br><strong>Orientador:  <\/strong>PROF\u00aa DR\u00aa MARISA BITTAR.  <\/p>\n\n\n\n<p class=\"has-medium-font-size\"><strong>PLANOS DE TRABALHO DE INICIA\u00c7\u00c3O CIENT\u00cdFICA:<\/strong><\/p>\n\n\n\n<p>EM BREVE!<\/p>\n","protected":false},"excerpt":{"rendered":"<p>RELAT\u00d3RIOS: YARA LUCENA: Levantamento, organiza\u00e7\u00e3o, cataloga\u00e7\u00e3o, sistematiza\u00e7\u00e3o e digitaliza\u00e7\u00e3o de fontes para hist\u00f3ria da educa\u00e7\u00e3o: Col\u00e9gio Estadual Paes de Carvalho. Orientadora : PROF\u00aa DR\u00aa MARIA JOS\u00c9 AVIZ DO ROS\u00c1RIO RODRIGO MIRA DO NASCIMENTO: Levantamento, organiza\u00e7\u00e3o e sistematiza\u00e7\u00e3o de documenta\u00e7\u00e3o estrita e icnogr\u00e1fica sobre forma\u00e7\u00e3o de professoras do Instituto de Educa\u00e7\u00e3o do Par\u00e1 &#8211; IEP, de [&hellip;]<\/p>\n","protected":false},"author":1,"featured_media":0,"parent":0,"menu_order":0,"comment_status":"closed","ping_status":"closed","template":"","meta":[],"_links":{"self":[{"href":"https:\/\/museudaeducacao.ufpa.br\/index.php\/wp-json\/wp\/v2\/pages\/13"}],"collection":[{"href":"https:\/\/museudaeducacao.ufpa.br\/index.php\/wp-json\/wp\/v2\/pages"}],"about":[{"href":"https:\/\/museudaeducacao.ufpa.br\/index.php\/wp-json\/wp\/v2\/types\/page"}],"author":[{"embeddable":true,"href":"https:\/\/museudaeducacao.ufpa.br\/index.php\/wp-json\/wp\/v2\/users\/1"}],"replies":[{"embeddable":true,"href":"https:\/\/museudaeducacao.ufpa.br\/index.php\/wp-json\/wp\/v2\/comments?post=13"}],"version-history":[{"count":58,"href":"https:\/\/museudaeducacao.ufpa.br\/index.php\/wp-json\/wp\/v2\/pages\/13\/revisions"}],"predecessor-version":[{"id":690,"href":"https:\/\/museudaeducacao.ufpa.br\/index.php\/wp-json\/wp\/v2\/pages\/13\/revisions\/690"}],"wp:attachment":[{"href":"https:\/\/museudaeducacao.ufpa.br\/index.php\/wp-json\/wp\/v2\/media?parent=13"}],"curies":[{"name":"wp","href":"https:\/\/api.w.org\/{rel}","templated":true}]}}