{"id":241,"date":"2019-10-14T16:00:44","date_gmt":"2019-10-14T19:00:44","guid":{"rendered":"http:\/\/museudaeducacao.ufpa.br\/?page_id=241"},"modified":"2019-11-19T00:41:17","modified_gmt":"2019-11-19T03:41:17","slug":"grupos-de-pesquisa","status":"publish","type":"page","link":"https:\/\/museudaeducacao.ufpa.br\/index.php\/grupos-de-pesquisa\/","title":{"rendered":"Grupos de Pesquisa"},"content":{"rendered":"\n<p><\/p>\n\n\n\n<div class=\"wp-block-image\"><figure class=\"aligncenter\"><img loading=\"lazy\" width=\"253\" height=\"246\" src=\"http:\/\/museudaeducacao.ufpa.br\/wp-content\/uploads\/2019\/10\/HISTEDBR-LOGO.png\" alt=\"\" class=\"wp-image-251\"\/><figcaption>HISTEDBR<\/figcaption><\/figure><\/div>\n\n\n\n<p style=\"text-align:center\">O Grupo de Estudos e Pesquisa Hist\u00f3ria, Sociedade e Educa\u00e7\u00e3o no Brasil \u2013 Sec\u00e7\u00e3o Par\u00e1 \u2013 HISTEDBR \u2013 Sec\u00e7\u00e3o PA,  foi criado durante a realiza\u00e7\u00e3o do I Semin\u00e1rio de Hist\u00f3ria da Educa\u00e7\u00e3o  da Amaz\u00f4nia, avalizado pelo HISTEDBR \u2013 UFSCar, na pessoa da professora  Marisa Bittar, a qual proferiu a palestra \u201cOs fundamentos do  materialismo Hist\u00f3rico Dial\u00e9tico\u201d. <br>Grupo coordenado pela professora  Maria Jos\u00e9 Aviz do Ros\u00e1rio.<br>Membros: Clarice  Nascimento de Melo \u2013 Genylton Odilon Rego da Rocha \u2013 Iza Helena  Travassos Ferraz Ara\u00fajo \u2013 Karla Nazar\u00e9 Corr\u00eaa de Almeida \u2013 Jos\u00e9  Claudinei Lombardi \u2013 Fernando Arthur de Freitas Neves \u2013 Marta Caetano  Coutinho \u2013 Raimundo Alberto damasceno \u2013 Let\u00edcia souto Pantoja \u2013 Maria de  F\u00e1tima Matos Matos de Souza \u2013 Paulo Sergio de Almeida Corr\u00eaa \u2013  Wilson  da Costa Barroso \u2013 Sergio Bandeira \u2013 Bianca Ferreira de Oliveira \u2013  Eliana Santos Balestreri \u2013 Ely Carlos Silva Santos \u2013 Jesus de  Nazar\u00e9 de  Lima costa \u2013 Laryssa Soares Soares  Gon\u00e7alves \u2013 Rodrigo Mira dos  Nascimento \u2013 Thais Pimenta Pimentel  \u2013 Luis Carlos da Silva Barbosa. <br>Os  grupos s\u00e3o vinculados ao Grupo de Estudos e Pesquisas \u201cHist\u00f3ria,  Sociedade e Educa\u00e7\u00e3o no Brasil\u201d (HISTEDBR), sediado na Faculdade de  Educa\u00e7\u00e3o da UNICAMP, e que h\u00e1 mais de vinte anos trabalha na perspectiva  da investiga\u00e7\u00e3o e disponibiliza\u00e7\u00e3o da produ\u00e7\u00e3o de estudos e pesquisas  no \u00e2mbito da hist\u00f3ria da educa\u00e7\u00e3o, aos pesquisadores nacionais.<\/p>\n\n\n\n<p><\/p>\n\n\n\n<div class=\"wp-block-image\"><figure class=\"aligncenter is-resized\"><img loading=\"lazy\" src=\"http:\/\/museudaeducacao.ufpa.br\/wp-content\/uploads\/2019\/11\/LOGO_minimizado_100x-1.jpg\" alt=\"\" class=\"wp-image-621\" width=\"159\" height=\"171\"\/><figcaption>  Laborat\u00f3rio de Pesquisas em Mem\u00f3ria e Hist\u00f3ria da Educa\u00e7\u00e3o Municipal <\/figcaption><\/figure><\/div>\n\n\n\n<p style=\"text-align:center\">O Laborat\u00f3rio de Pesquisas em Mem\u00f3ria e Hist\u00f3ria da Educa\u00e7\u00e3o <br> Municipal-LAPEM foi criado em 2010 com vistas ao estudo da trajet\u00f3ria <br> das pol\u00edticas educacionais e do planejamento da educa\u00e7\u00e3o no Brasil e na <br> Amaz\u00f4nia. A partir de 2018, devido a mudan\u00e7as no espectro de suas <br> investiga\u00e7\u00f5es ele teve suas a\u00e7\u00f5es de pesquisa reorientadas, seu escopo <br> foi alterado e sua denomina\u00e7\u00e3o passou a destacar a mem\u00f3ria e a hist\u00f3ria <br> da Educa\u00e7\u00e3o, permanecendo a sigla LAPEM.<br><br><\/p>\n\n\n\n<p> <\/p>\n\n\n\n<p><\/p>\n\n\n\n<div class=\"wp-block-image\"><figure class=\"aligncenter\"><img loading=\"lazy\" width=\"715\" height=\"81\" src=\"http:\/\/museudaeducacao.ufpa.br\/wp-content\/uploads\/2019\/11\/image-1.png\" alt=\"\" class=\"wp-image-628\" srcset=\"https:\/\/museudaeducacao.ufpa.br\/wp-content\/uploads\/2019\/11\/image-1.png 715w, https:\/\/museudaeducacao.ufpa.br\/wp-content\/uploads\/2019\/11\/image-1-300x34.png 300w, https:\/\/museudaeducacao.ufpa.br\/wp-content\/uploads\/2019\/11\/image-1-370x42.png 370w\" sizes=\"(max-width: 715px) 100vw, 715px\" \/><figcaption>HISTEDBR UFOPA<\/figcaption><\/figure><\/div>\n\n\n\n<p style=\"text-align:center\">O Grupo tem suas origens \u00a0em \u00a0 2003. Inicialmente voltou-se para o  levantamento e cataloga\u00e7\u00e3o \u00a0de \u00a0fontes para a hist\u00f3ria \u00a0 da \u00a0 educa\u00e7\u00e3o  em Santar\u00e9m, com a participa\u00e7\u00e3o de estudantes da gradua\u00e7\u00e3o, curso de  pedagogia da UFPA. Gradativamente foi ampliando suas atividades com a  inser\u00e7\u00e3o de pesquisadores e estudantes vinculados a inicia\u00e7\u00e3o  cient\u00edfica.  <\/p>\n","protected":false},"excerpt":{"rendered":"<p>O Grupo de Estudos e Pesquisa Hist\u00f3ria, Sociedade e Educa\u00e7\u00e3o no Brasil \u2013 Sec\u00e7\u00e3o Par\u00e1 \u2013 HISTEDBR \u2013 Sec\u00e7\u00e3o PA, foi criado durante a realiza\u00e7\u00e3o do I Semin\u00e1rio de Hist\u00f3ria da Educa\u00e7\u00e3o da Amaz\u00f4nia, avalizado pelo HISTEDBR \u2013 UFSCar, na pessoa da professora Marisa Bittar, a qual proferiu a palestra \u201cOs fundamentos do materialismo Hist\u00f3rico [&hellip;]<\/p>\n","protected":false},"author":1,"featured_media":0,"parent":0,"menu_order":0,"comment_status":"closed","ping_status":"closed","template":"","meta":[],"_links":{"self":[{"href":"https:\/\/museudaeducacao.ufpa.br\/index.php\/wp-json\/wp\/v2\/pages\/241"}],"collection":[{"href":"https:\/\/museudaeducacao.ufpa.br\/index.php\/wp-json\/wp\/v2\/pages"}],"about":[{"href":"https:\/\/museudaeducacao.ufpa.br\/index.php\/wp-json\/wp\/v2\/types\/page"}],"author":[{"embeddable":true,"href":"https:\/\/museudaeducacao.ufpa.br\/index.php\/wp-json\/wp\/v2\/users\/1"}],"replies":[{"embeddable":true,"href":"https:\/\/museudaeducacao.ufpa.br\/index.php\/wp-json\/wp\/v2\/comments?post=241"}],"version-history":[{"count":26,"href":"https:\/\/museudaeducacao.ufpa.br\/index.php\/wp-json\/wp\/v2\/pages\/241\/revisions"}],"predecessor-version":[{"id":678,"href":"https:\/\/museudaeducacao.ufpa.br\/index.php\/wp-json\/wp\/v2\/pages\/241\/revisions\/678"}],"wp:attachment":[{"href":"https:\/\/museudaeducacao.ufpa.br\/index.php\/wp-json\/wp\/v2\/media?parent=241"}],"curies":[{"name":"wp","href":"https:\/\/api.w.org\/{rel}","templated":true}]}}