{"id":430,"date":"2019-11-18T10:25:59","date_gmt":"2019-11-18T13:25:59","guid":{"rendered":"http:\/\/museudaeducacao.ufpa.br\/?page_id=430"},"modified":"2019-11-18T23:19:54","modified_gmt":"2019-11-19T02:19:54","slug":"museus","status":"publish","type":"page","link":"https:\/\/museudaeducacao.ufpa.br\/index.php\/museus\/","title":{"rendered":"MUSEUS"},"content":{"rendered":"\n<p class=\"has-large-font-size\"><font FACE=Times COLOR=\"black\">LINKS: MUSEUS<\/p>\n\n\n\n<p style=\"text-align:center\" class=\"has-medium-font-size\"><strong><a rel=\"noreferrer noopener\" aria-label=\"Museu Pedag\u00f3gico (abre numa nova aba)\" href=\"http:\/\/www2.uesb.br\/museupedagogico\/\" target=\"_blank\">Museu Pedag\u00f3gico<\/a><\/strong><br><strong><a rel=\"noreferrer noopener\" aria-label=\"Museu da Escola Catarinense (abre numa nova aba)\" href=\"http:\/\/www.museudaescola.udesc.br\" target=\"_blank\">Museu da Escola Catarinense<\/a><\/strong><br><strong><a rel=\"noreferrer noopener\" aria-label=\"Centro de Documenta\u00e7\u00e3o da Hist\u00f3ria da Educa\u00e7\u00e3o do Paran\u00e1 (abre numa nova aba)\" href=\"http:\/\/www.gestaoescolar.diaadia.pr.gov.br\/modules\/conteudo\/conteudo.php?conteudo=44\" target=\"_blank\">Centro de Documenta\u00e7\u00e3o da Hist\u00f3ria da Educa\u00e7\u00e3o do Paran\u00e1<\/a><\/strong><br><strong><a rel=\"noreferrer noopener\" aria-label=\"Museu Hist\u00f3rico Padre Carlos Weiss (abre numa nova aba)\" href=\"https:\/\/www.google.com\/search?q=Museu+Hist%C3%B3rico+Padre+Carlos+Weiss&amp;oq=Museu+Hist%C3%B3rico+Padre+Carlos+Weiss&amp;aqs=chrome..69i57j0l2.1516j0j7&amp;sourceid=chrome&amp;ie=UTF-8\" target=\"_blank\">Museu Hist\u00f3rico Padre Carlos Weiss<\/a><\/strong><br><strong><a rel=\"noreferrer noopener\" aria-label=\"Museu da Escola Paranaense - MEP (abre numa nova aba)\" href=\"http:\/\/www.gestaoescolar.diaadia.pr.gov.br\/modules\/conteudo\/conteudo.php?conteudo=44\" target=\"_blank\">Museu da Escola Paranaense &#8211; MEP<\/a><\/strong><br><strong><a rel=\"noreferrer noopener\" aria-label=\"Museu Hist\u00f3rico e Pedag\u00f3gico Rodrigues Alves (abre numa nova aba)\" href=\"https:\/\/www.revistamuseu.com.br\/site\/br\/noticias\/nacionais\/3147-12-07-2017-museu-historico-e-pedagogico-rodrigues-alves-e-reaberto-em-guaratingueta.html\" target=\"_blank\">Museu Hist\u00f3rico e Pedag\u00f3gico Rodrigues Alves<\/a><\/strong><br><strong><a rel=\"noreferrer noopener\" aria-label=\"Museu Hist\u00f3rico e Pedag\u00f3gico Dr. Washington Lu\u00eds (abre numa nova aba)\" href=\"http:\/\/museus.cultura.gov.br\/espaco\/6819\/\" target=\"_blank\">Museu Hist\u00f3rico e Pedag\u00f3gico Dr. Washington Lu\u00eds<\/a><\/strong><br><strong>MHP Prudente de Morais<\/strong> <br><strong>MHP Campos Salles<\/strong><br><strong><a rel=\"noreferrer noopener\" aria-label=\"Memorial do Ensino Municipal (abre numa nova aba)\" href=\"http:\/\/cidadedesaopaulo.com\/v2\/atrativos\/memorial-do-ensino-municipal\/?lang=pt\" target=\"_blank\">Memorial do Ensino Municipal<\/a><\/strong><br><strong><a rel=\"noreferrer noopener\" aria-label=\"Museu da Escola de Minas Gerais (abre numa nova aba)\" href=\"http:\/\/www.belohorizonte.mg.gov.br\/local\/atrativo-turistico\/artistico-cultural\/museu-da-escola-de-minas-gerais\" target=\"_blank\">Museu da Escola de Minas Gerais<\/a><\/strong><br><strong><a rel=\"noreferrer noopener\" aria-label=\"Casa da Mem\u00f3ria (abre numa nova aba)\" href=\"http:\/\/acessohot.blogspot.com\/2013\/05\/museu-do-piaui-casa-da-memoria.html\" target=\"_blank\">Casa da Mem\u00f3ria<\/a><\/strong><br><strong><a href=\"https:\/\/www.cmu.unicamp.br\/\" target=\"_blank\" rel=\"noreferrer noopener\" aria-label=\"Centro de Mem\u00f3ria da UNICAMP \u2013 CMU (abre numa nova aba)\">Centro de Mem\u00f3ria da UNICAMP \u2013 CMU<\/a><\/strong><\/p>\n\n\n\n<p style=\"text-align:center\" class=\"has-medium-font-size\"><a href=\"https:\/\/drive.google.com\/open?id=1hteRB-j1_MPAGHcmUyOtG-JPL42TTf2U\">MUSEUS EDUCACIONAIS NACIONAIS<\/a><br><a href=\"https:\/\/drive.google.com\/open?id=1yfTYnrvlcKnjoQ-kEdzUH3ynRKUwClj5\">MUSEUS EDUCACIONAIS ESTRANGEIRO<\/a>S<br><a href=\"https:\/\/drive.google.com\/open?id=19-swBuOfJ8-ZzcXPRyWCaHI4WlflIoPmcMZhpNa1pVI\">MUSEUS PARAENSES<\/a><br><a href=\"https:\/\/drive.google.com\/open?id=1kh67xk8UF2BQCIuoAwDDLDcfKArEWS3ye90o6cqPkR8\">ACERVOS PARAENSES<\/a><\/p>\n\n\n\n<p class=\"has-large-font-size\"><font FACE=Times COLOR=\"black\">LINKS: JORNADA DO HISTEDBR<\/p>\n\n\n\n<p style=\"text-align:center\" class=\"has-medium-font-size\"> <font face=\"Times\" color=\"black\"><a href=\"http:\/\/www.histedbr.fe.unicamp.br\/acer_histedbr\/jornada\/jornada6\/index.html\">VI JORNADA HISTEDBR<\/a> &#8211; 2005<br><a href=\"http:\/\/www.histedbr.fe.unicamp.br\/acer_histedbr\/jornada\/jornada7\/01apres.htm\">VII JORNADA HISTEDBR<\/a> &#8211; 2007<br><a href=\"http:\/\/www.histedbr.fe.unicamp.br\/acer_histedbr\/jornada\/jornada8\/index.html\">VIII JORNADA HISTEDBR<\/a> &#8211; 2008<br><a href=\"http:\/\/www.histedbr.fe.unicamp.br\/acer_histedbr\/jornada\/jornada9\/index.html\">IX JORNADA DO HISTEDBR<\/a> &#8211; 2010<br><a href=\"http:\/\/www.histedbr.fe.unicamp.br\/acer_histedbr\/jornada\/jornada10\/index.html\">X JORNADA DO HISTEDBR<\/a> &#8211; 2011<br><a href=\"http:\/\/www.histedbr.fe.unicamp.br\/acer_histedbr\/jornada\/jornada11\/index.html\">XI JORNADA DO HISTEDBR<\/a> &#8211; 2013<br><a href=\"http:\/\/www.histedbr.fe.unicamp.br\/acer_histedbr\/jornada\/jornada12\/\">XII JORNADA DO HISTEDBR<\/a> &#8211; 2014<br><a href=\"http:\/\/alb.org.br\/xiii-jornada-do-histedbr\/\">XIII JORNADA DO HISTEDBR<\/a><a href=\"https:\/\/midas.unioeste.br\/sgev\/eventos\/HISTEDBR\/anais\">  <\/a> &#8211; 2015 <br><a href=\"https:\/\/midas.unioeste.br\/sgev\/eventos\/HISTEDBR\/anais\">XIV JORNADA DO HISTEDBR<\/a> &#8211; 2017<br><a href=\"https:\/\/histedbr.vpeventos.com\/#\/\">XV JORNADA DO HISTEDBR<\/a> &#8211; 2018<br><\/font><\/p>\n\n\n\n<p style=\"text-align:center\" class=\"has-medium-font-size\"><a rel=\"noreferrer noopener\" aria-label=\"HISTEDBR UNICAMP (abre numa nova aba)\" href=\"http:\/\/www.histedbr.fe.unicamp.br\/\" target=\"_blank\">HISTEDBR UNICAMP<\/a><br><\/p>\n","protected":false},"excerpt":{"rendered":"<p>LINKS: MUSEUS Museu Pedag\u00f3gicoMuseu da Escola CatarinenseCentro de Documenta\u00e7\u00e3o da Hist\u00f3ria da Educa\u00e7\u00e3o do Paran\u00e1Museu Hist\u00f3rico Padre Carlos WeissMuseu da Escola Paranaense &#8211; MEPMuseu Hist\u00f3rico e Pedag\u00f3gico Rodrigues AlvesMuseu Hist\u00f3rico e Pedag\u00f3gico Dr. Washington Lu\u00edsMHP Prudente de Morais MHP Campos SallesMemorial do Ensino MunicipalMuseu da Escola de Minas GeraisCasa da Mem\u00f3riaCentro de Mem\u00f3ria da UNICAMP [&hellip;]<\/p>\n","protected":false},"author":2,"featured_media":0,"parent":0,"menu_order":0,"comment_status":"closed","ping_status":"closed","template":"","meta":[],"_links":{"self":[{"href":"https:\/\/museudaeducacao.ufpa.br\/index.php\/wp-json\/wp\/v2\/pages\/430"}],"collection":[{"href":"https:\/\/museudaeducacao.ufpa.br\/index.php\/wp-json\/wp\/v2\/pages"}],"about":[{"href":"https:\/\/museudaeducacao.ufpa.br\/index.php\/wp-json\/wp\/v2\/types\/page"}],"author":[{"embeddable":true,"href":"https:\/\/museudaeducacao.ufpa.br\/index.php\/wp-json\/wp\/v2\/users\/2"}],"replies":[{"embeddable":true,"href":"https:\/\/museudaeducacao.ufpa.br\/index.php\/wp-json\/wp\/v2\/comments?post=430"}],"version-history":[{"count":27,"href":"https:\/\/museudaeducacao.ufpa.br\/index.php\/wp-json\/wp\/v2\/pages\/430\/revisions"}],"predecessor-version":[{"id":597,"href":"https:\/\/museudaeducacao.ufpa.br\/index.php\/wp-json\/wp\/v2\/pages\/430\/revisions\/597"}],"wp:attachment":[{"href":"https:\/\/museudaeducacao.ufpa.br\/index.php\/wp-json\/wp\/v2\/media?parent=430"}],"curies":[{"name":"wp","href":"https:\/\/api.w.org\/{rel}","templated":true}]}}