{"id":584,"date":"2019-11-18T23:05:19","date_gmt":"2019-11-19T02:05:19","guid":{"rendered":"http:\/\/museudaeducacao.ufpa.br\/?page_id=584"},"modified":"2019-11-18T23:33:49","modified_gmt":"2019-11-19T02:33:49","slug":"guias-de-fontes","status":"publish","type":"page","link":"https:\/\/museudaeducacao.ufpa.br\/index.php\/guias-de-fontes\/","title":{"rendered":"GUIAS DE FONTES"},"content":{"rendered":"\n<p><strong><a href=\"https:\/\/www.amazon.com.br\/Brasileiro-Fontes-Historia-Escravidao-Sociedade\/dp\/8570090021\" target=\"_blank\" rel=\"noreferrer noopener\" aria-label=\"Guia brasileiro de fontes para a hist\u00f3ria da \u00c1frica, da escravid\u00e3o negra e do negro na sociedade atual.  (abre numa nova aba)\">Guia brasileiro de fontes para a hist\u00f3ria da \u00c1frica, da escravid\u00e3o negra e do negro na sociedade atual<\/a><\/strong><a href=\"https:\/\/www.amazon.com.br\/Brasileiro-Fontes-Historia-Escravidao-Sociedade\/dp\/8570090021\" target=\"_blank\" rel=\"noreferrer noopener\" aria-label=\"Guia brasileiro de fontes para a hist\u00f3ria da \u00c1frica, da escravid\u00e3o negra e do negro na sociedade atual.  (abre numa nova aba)\">. <\/a><\/p>\n\n\n\n<p><strong><a href=\"https:\/\/cpdoc.fgv.br\/\" target=\"_blank\" rel=\"noreferrer noopener\" aria-label=\"Guia de acervos bibliogr\u00e1ficos e arquivistas de ex-presidentes da Rep\u00fablica\u201d, vinculados ao Centro de Pesquisa e Documenta\u00e7\u00e3o da Hist\u00f3ria Contempor\u00e2nea Brasileira \u2013 CPDOC. (abre numa nova aba)\">Guia de acervos bibliogr\u00e1ficos e arquivistas de ex-presidentes da Rep\u00fablica<\/a><\/strong><a href=\"https:\/\/cpdoc.fgv.br\/\" target=\"_blank\" rel=\"noreferrer noopener\" aria-label=\"Guia de acervos bibliogr\u00e1ficos e arquivistas de ex-presidentes da Rep\u00fablica\u201d, vinculados ao Centro de Pesquisa e Documenta\u00e7\u00e3o da Hist\u00f3ria Contempor\u00e2nea Brasileira \u2013 CPDOC. (abre numa nova aba)\">\u201d, vinculados ao Centro de Pesquisa e Documenta\u00e7\u00e3o da Hist\u00f3ria Contempor\u00e2nea Brasileira \u2013 CPDOC.<\/a><\/p>\n\n\n\n<p><strong><a href=\"http:\/\/www.grupoatomoealinea.com.br\/guia-de-fontes-sobre-o-ensino-publico-de-belem-do-para-no-seculo-xx-da-instrucao-primaria-ao-ensino-fundamental.html\" target=\"_blank\" rel=\"noreferrer noopener\" aria-label=\"Guia de fontes sobre o ensino p\u00fablico prim\u00e1rio de Bel\u00e9m do Par\u00e1: do ensino prim\u00e1rio ao ensino fundamental, produzido pelo Grupo Hist\u00f3ria, Sociedade e Educa\u00e7\u00e3o no Brasil \u2013 HISTEDBR \u2013 Sec\u00e7\u00e3o \u2013 PA.  (abre numa nova aba)\">Guia de fontes sobre o ensino p\u00fablico prim\u00e1rio de Bel\u00e9m do Par\u00e1: do ensino prim\u00e1rio ao ensino fundamental<\/a><\/strong><a href=\"http:\/\/www.grupoatomoealinea.com.br\/guia-de-fontes-sobre-o-ensino-publico-de-belem-do-para-no-seculo-xx-da-instrucao-primaria-ao-ensino-fundamental.html\" target=\"_blank\" rel=\"noreferrer noopener\" aria-label=\"Guia de fontes sobre o ensino p\u00fablico prim\u00e1rio de Bel\u00e9m do Par\u00e1: do ensino prim\u00e1rio ao ensino fundamental, produzido pelo Grupo Hist\u00f3ria, Sociedade e Educa\u00e7\u00e3o no Brasil \u2013 HISTEDBR \u2013 Sec\u00e7\u00e3o \u2013 PA.  (abre numa nova aba)\">, produzido pelo Grupo Hist\u00f3ria, Sociedade e Educa\u00e7\u00e3o no Brasil \u2013 HISTEDBR \u2013 Sec\u00e7\u00e3o \u2013 PA. <\/a><\/p>\n","protected":false},"excerpt":{"rendered":"<p>Guia brasileiro de fontes para a hist\u00f3ria da \u00c1frica, da escravid\u00e3o negra e do negro na sociedade atual. Guia de acervos bibliogr\u00e1ficos e arquivistas de ex-presidentes da Rep\u00fablica\u201d, vinculados ao Centro de Pesquisa e Documenta\u00e7\u00e3o da Hist\u00f3ria Contempor\u00e2nea Brasileira \u2013 CPDOC. Guia de fontes sobre o ensino p\u00fablico prim\u00e1rio de Bel\u00e9m do Par\u00e1: do ensino [&hellip;]<\/p>\n","protected":false},"author":2,"featured_media":0,"parent":0,"menu_order":0,"comment_status":"closed","ping_status":"closed","template":"","meta":[],"_links":{"self":[{"href":"https:\/\/museudaeducacao.ufpa.br\/index.php\/wp-json\/wp\/v2\/pages\/584"}],"collection":[{"href":"https:\/\/museudaeducacao.ufpa.br\/index.php\/wp-json\/wp\/v2\/pages"}],"about":[{"href":"https:\/\/museudaeducacao.ufpa.br\/index.php\/wp-json\/wp\/v2\/types\/page"}],"author":[{"embeddable":true,"href":"https:\/\/museudaeducacao.ufpa.br\/index.php\/wp-json\/wp\/v2\/users\/2"}],"replies":[{"embeddable":true,"href":"https:\/\/museudaeducacao.ufpa.br\/index.php\/wp-json\/wp\/v2\/comments?post=584"}],"version-history":[{"count":3,"href":"https:\/\/museudaeducacao.ufpa.br\/index.php\/wp-json\/wp\/v2\/pages\/584\/revisions"}],"predecessor-version":[{"id":609,"href":"https:\/\/museudaeducacao.ufpa.br\/index.php\/wp-json\/wp\/v2\/pages\/584\/revisions\/609"}],"wp:attachment":[{"href":"https:\/\/museudaeducacao.ufpa.br\/index.php\/wp-json\/wp\/v2\/media?parent=584"}],"curies":[{"name":"wp","href":"https:\/\/api.w.org\/{rel}","templated":true}]}}