{"id":86,"date":"2019-07-03T12:55:29","date_gmt":"2019-07-03T15:55:29","guid":{"rendered":"http:\/\/museudaeducacao.ufpa.br\/?page_id=86"},"modified":"2019-11-19T00:36:22","modified_gmt":"2019-11-19T03:36:22","slug":"integrantes","status":"publish","type":"page","link":"https:\/\/museudaeducacao.ufpa.br\/index.php\/integrantes\/","title":{"rendered":"INTEGRANTES"},"content":{"rendered":"\n<p class=\"has-medium-font-size\"><em><strong>Para acessar o Lattes, clique no nome do integrante.<\/strong><\/em><\/p>\n\n\n\n<p><strong><a href=\"http:\/\/lattes.cnpq.br\/3131365668866598\">Maria Jos\u00e9 Aviz do Ros\u00e1rio<\/a><\/strong> <strong>UFPA\/NEB\/PPEB<\/strong>  <a href=\"mailto:mrosario@ufpa.br\">&#8211; mrosario@ufpa.br<\/a> <br><a rel=\"noreferrer noopener\" href=\"http:\/\/lattes.cnpq.br\/7497279574536104\" target=\"_blank\"><strong>Clarice Nascimento de Melo<\/strong><\/a> <strong>UFPA\/NEB\/PPEB<\/strong>\u00a0<a href=\"mailto:mnclarice@gmail.co\">mnclarice@gmail.com<\/a> <br><strong><a href=\"http:\/\/lattes.cnpq.br\/3735617515418666\">Genylton Odilon Rego da Rocha<\/a><\/strong> <strong>UFPA\/NEB PPEB<\/strong> <a href=\"mailto:genylton@gmail.com\">genylton@gmail.com<\/a> <br><strong><a href=\"http:\/\/buscatextual.cnpq.br\/buscatextual\/visualizacv.do?id=K4798288D0\">Jos\u00e9 Claudinei Lombardi<\/a><\/strong> <strong>UNICAMPI <\/strong>zezo@unicamp.br <br><strong><a href=\"http:\/\/lattes.cnpq.br\/4562453070537953\">Maria de F\u00e1tima Matos de Sousa<\/a><\/strong>  <strong>UFPA\/NEB\/PPBEB<\/strong>\u00a0<a href=\"mailto:fmatoz@gmail.com\">fmatoz@gmail.com<\/a>\u00a0   <br><strong><a href=\"http:\/\/lattes.cnpq.br\/1491729914353266\">Fernando Arthur de Freitas Neves<\/a> UFPA\/IFCH<\/strong>  fafn@ufpa.com<br><strong><a href=\"http:\/\/lattes.cnpq.br\/4919699202327083\">Celita Maria Paes de Souza<\/a><\/strong>   <a href=\"mailto:celps@hotmail.com\">celps@hotmail.com<\/a>\u00a0 <br><strong><a href=\"http:\/\/lattes.cnpq.br\/7040227647321399\">S\u00e9rgio Bandeira do Nascimento<\/a><\/strong>  sergbandeira@ufpa.br<br><strong><a href=\"http:\/\/buscatextual.cnpq.br\/buscatextual\/visualizacv.do?id=K4708061J1\">Ana Elisabeth Santos Alves<\/a><\/strong>  <strong>UESB\/Museu Pedag\u00f3gico<\/strong> <br><strong><a href=\"http:\/\/lattes.cnpq.br\/0746202148340948\">Iza Helena Travassos Ferraz de Araujo<\/a><\/strong>  <strong>UFPA\/ICED<\/strong><br><a href=\"http:\/\/lattes.cnpq.br\/1488574581468951\"><strong>Livia Diana Magalh\u00e3es Rocha<\/strong><\/a> <strong>UESB\/Museu Pedag\u00f3gico<\/strong>   <br><strong><a href=\"http:\/\/lattes.cnpq.br\/7259478733022560\">Cleiton Ponciano S. Mau\u00e9s<\/a><\/strong> cmaues_historia2016@outlook.com<br><strong><a href=\"http:\/\/lattes.cnpq.br\/6765334988717356\">Smile de Souza Golobovante<\/a><\/strong>  profogolobovante@gmail.com<br><a href=\"http:\/\/lattes.cnpq.br\/0256628814548104\"><strong>Nelma Lima e Silva Campos<\/strong><\/a><strong> <\/strong> nelma-lima @hotmail.com<strong><br><a href=\"http:\/\/buscatextual.cnpq.br\/buscatextual\/visualizacv.do?metodo=apresentar&amp;id=K4439442Y6\">Diana Helena Alves Muniz\u00a0<\/a><\/strong><a href=\"http:\/\/buscatextual.cnpq.br\/buscatextual\/visualizacv.do?metodo=apresentar&amp;id=K4439442Y6\"> <\/a> deusa_diana8@hotmail.com<br><strong><a href=\"http:\/\/buscatextual.cnpq.br\/buscatextual\/visualizacv.do?metodo=apresentar&amp;id=K4439442Y6\">Nazar\u00e9 Bittencourt Viegas <\/a> <\/strong><br><strong><a href=\"http:\/\/buscatextual.cnpq.br\/buscatextual\/visualizacv.do?id=K8149759A2\">M<\/a><a rel=\"noreferrer noopener\" href=\"http:\/\/buscatextual.cnpq.br\/buscatextual\/visualizacv.do?id=K8149759A2\" target=\"_blank\"><\/a><a href=\"http:\/\/buscatextual.cnpq.br\/buscatextual\/visualizacv.do?id=K8149759A2\">arlon Galeno Rodrigues Junior<\/a>  <\/strong>marlon.jr.mcp@gmail.com<br><strong><a href=\"http:\/\/lattes.cnpq.br\/8024127559028951\">Jesus de Nazar\u00e9 de Lima Costa<\/a><\/strong> iesuscosta20@yahoo.com.br<br> <a href=\"http:\/\/lattes.cnpq.br\/0131495533952947\"><strong>Eliana Santos Balestreri\u00a0<\/strong><\/a><strong>  <\/strong>elibalestreri@yahoo.com.br <br><a href=\"http:\/\/lattes.cnpq.br\/3799756817460589\">B<\/a><strong><a href=\"http:\/\/lattes.cnpq.br\/3799756817460589\">ianca Ferreira de Oliveira<\/a><\/strong> <br><strong><a href=\"http:\/\/lattes.cnpq.br\/6342607601539851\">Ely Carlos Silva Santos<\/a><\/strong> <strong> <\/strong>elycarlossantos10@gmail.com<strong>  <\/strong> <br><\/p>\n\n\n\n<p><strong>BOLSISTAS  DE  INICIA\u00c7\u00c3O  CIENT\u00cdFICA<\/strong><br><strong><a href=\"http:\/\/lattes.cnpq.br\/4309338501869991\">Luis Carlos da Silva Barbosa<\/a><\/strong>  historialuis27@gmail.com<br><strong><a href=\"http:\/\/lattes.cnpq.br\/3733186976224892\">Rodrigo Mira Nascimento<\/a><\/strong>  mirarodrigo26@gmail.com<br><strong><a href=\"http:\/\/lattes.cnpq.br\/6686378302326699\">Adhilio Wictor Almeida de Morais<\/a><\/strong> <br><strong><a href=\"http:\/\/lattes.cnpq.br\/8076637344333724\">Iara Lucena Silva<\/a><\/strong> <br><strong><a href=\"http:\/\/lattes.cnpq.br\/3819042274470029\">Ana H\u00e9rica Clarindo Silva Lima.<\/a><\/strong> <br> <strong><a href=\"http:\/\/lattes.cnpq.br\/4460806040018458\">Aline Ewerton de Sousa<\/a><\/strong> <br> <strong><a href=\"http:\/\/lattes.cnpq.br\/1959642741265436\">Samantha Suanne da Costa Brito<\/a><\/strong> <br><strong><a href=\"http:\/\/lattes.cnpq.br\/6536250869994435\">Priscila de Paula Ferreira Menino<\/a><\/strong> <\/p>\n\n\n\n<p><\/p>\n","protected":false},"excerpt":{"rendered":"<p>Para acessar o Lattes, clique no nome do integrante. Maria Jos\u00e9 Aviz do Ros\u00e1rio UFPA\/NEB\/PPEB &#8211; mrosario@ufpa.br Clarice Nascimento de Melo UFPA\/NEB\/PPEB\u00a0mnclarice@gmail.com Genylton Odilon Rego da Rocha UFPA\/NEB PPEB genylton@gmail.com Jos\u00e9 Claudinei Lombardi UNICAMPI zezo@unicamp.br Maria de F\u00e1tima Matos de Sousa UFPA\/NEB\/PPBEB\u00a0fmatoz@gmail.com\u00a0 Fernando Arthur de Freitas Neves UFPA\/IFCH fafn@ufpa.comCelita Maria Paes de Souza celps@hotmail.com\u00a0 S\u00e9rgio [&hellip;]<\/p>\n","protected":false},"author":1,"featured_media":0,"parent":0,"menu_order":0,"comment_status":"closed","ping_status":"closed","template":"","meta":[],"_links":{"self":[{"href":"https:\/\/museudaeducacao.ufpa.br\/index.php\/wp-json\/wp\/v2\/pages\/86"}],"collection":[{"href":"https:\/\/museudaeducacao.ufpa.br\/index.php\/wp-json\/wp\/v2\/pages"}],"about":[{"href":"https:\/\/museudaeducacao.ufpa.br\/index.php\/wp-json\/wp\/v2\/types\/page"}],"author":[{"embeddable":true,"href":"https:\/\/museudaeducacao.ufpa.br\/index.php\/wp-json\/wp\/v2\/users\/1"}],"replies":[{"embeddable":true,"href":"https:\/\/museudaeducacao.ufpa.br\/index.php\/wp-json\/wp\/v2\/comments?post=86"}],"version-history":[{"count":62,"href":"https:\/\/museudaeducacao.ufpa.br\/index.php\/wp-json\/wp\/v2\/pages\/86\/revisions"}],"predecessor-version":[{"id":671,"href":"https:\/\/museudaeducacao.ufpa.br\/index.php\/wp-json\/wp\/v2\/pages\/86\/revisions\/671"}],"wp:attachment":[{"href":"https:\/\/museudaeducacao.ufpa.br\/index.php\/wp-json\/wp\/v2\/media?parent=86"}],"curies":[{"name":"wp","href":"https:\/\/api.w.org\/{rel}","templated":true}]}}