{"id":88,"date":"2019-07-03T12:55:29","date_gmt":"2019-07-03T15:55:29","guid":{"rendered":"http:\/\/museudaeducacao.ufpa.br\/?page_id=88"},"modified":"2019-10-10T14:22:25","modified_gmt":"2019-10-10T17:22:25","slug":"contatos","status":"publish","type":"page","link":"https:\/\/museudaeducacao.ufpa.br\/index.php\/contatos\/","title":{"rendered":"CONTATOS"},"content":{"rendered":"\n<p>Rua Augusto Corr\u00eaa, 01<\/p>\n\n\n\n<p>Guam\u00e1, Bel\u00e9m (PA)<\/p>\n\n\n\n<p>CEP: 66075-110<\/p>\n\n\n\n<p>N\u00facleo de Estudos Transdisciplinares em Educa\u00e7\u00e3o B\u00e1sica &#8211; NEB&nbsp;&#8211; Setor Profissional &#8211; UFPA<\/p>\n\n\n\n<p>Tel:&nbsp;(91) 98109-3924<\/p>\n\n\n\n<p>Email:&nbsp;<a href=\"mailto:gepheufpa@gmail.com\">gepheufpa@gmail.com<\/a><\/p>\n","protected":false},"excerpt":{"rendered":"<p>Rua Augusto Corr\u00eaa, 01 Guam\u00e1, Bel\u00e9m (PA) CEP: 66075-110 N\u00facleo de Estudos Transdisciplinares em Educa\u00e7\u00e3o B\u00e1sica &#8211; NEB&nbsp;&#8211; Setor Profissional &#8211; UFPA Tel:&nbsp;(91) 98109-3924 Email:&nbsp;gepheufpa@gmail.com<\/p>\n","protected":false},"author":1,"featured_media":0,"parent":0,"menu_order":0,"comment_status":"closed","ping_status":"closed","template":"","meta":[],"_links":{"self":[{"href":"https:\/\/museudaeducacao.ufpa.br\/index.php\/wp-json\/wp\/v2\/pages\/88"}],"collection":[{"href":"https:\/\/museudaeducacao.ufpa.br\/index.php\/wp-json\/wp\/v2\/pages"}],"about":[{"href":"https:\/\/museudaeducacao.ufpa.br\/index.php\/wp-json\/wp\/v2\/types\/page"}],"author":[{"embeddable":true,"href":"https:\/\/museudaeducacao.ufpa.br\/index.php\/wp-json\/wp\/v2\/users\/1"}],"replies":[{"embeddable":true,"href":"https:\/\/museudaeducacao.ufpa.br\/index.php\/wp-json\/wp\/v2\/comments?post=88"}],"version-history":[{"count":3,"href":"https:\/\/museudaeducacao.ufpa.br\/index.php\/wp-json\/wp\/v2\/pages\/88\/revisions"}],"predecessor-version":[{"id":179,"href":"https:\/\/museudaeducacao.ufpa.br\/index.php\/wp-json\/wp\/v2\/pages\/88\/revisions\/179"}],"wp:attachment":[{"href":"https:\/\/museudaeducacao.ufpa.br\/index.php\/wp-json\/wp\/v2\/media?parent=88"}],"curies":[{"name":"wp","href":"https:\/\/api.w.org\/{rel}","templated":true}]}}